{"id":404,"date":"2024-06-06T18:48:11","date_gmt":"2024-06-06T18:48:11","guid":{"rendered":"https:\/\/themanjar.com\/private-veranstaltungen\/"},"modified":"2024-09-28T00:49:08","modified_gmt":"2024-09-28T00:49:08","slug":"private-veranstaltungen","status":"publish","type":"page","link":"https:\/\/themanjar.com\/de\/private-veranstaltungen\/","title":{"rendered":"Private Veranstaltungen"},"content":{"rendered":"\t\t<div data-elementor-type=\"wp-page\" data-elementor-id=\"404\" class=\"elementor elementor-404\" data-elementor-post-type=\"page\">\n\t\t\t\t<header class=\"elementor-element elementor-element-57af9c5 e-con-full e-flex e-con e-parent\" data-id=\"57af9c5\" data-element_type=\"container\" data-settings=\"{&quot;background_background&quot;:&quot;classic&quot;}\">\n\t\t\t\t<div class=\"elementor-element elementor-element-5d3cb68 elementor-widget elementor-widget-heading\" data-id=\"5d3cb68\" data-element_type=\"widget\" data-widget_type=\"heading.default\">\n\t\t\t\t<div class=\"elementor-widget-container\">\n\t\t\t\t\t<h1 class=\"elementor-heading-title elementor-size-default\">Manjar Feier<\/h1>\t\t\t\t<\/div>\n\t\t\t\t<\/div>\n\t\t\t\t<div class=\"elementor-element elementor-element-a988cd4 elementor-widget elementor-widget-heading\" data-id=\"a988cd4\" data-element_type=\"widget\" data-widget_type=\"heading.default\">\n\t\t\t\t<div class=\"elementor-widget-container\">\n\t\t\t\t\t<h2 class=\"elementor-heading-title elementor-size-default\">Kommen Sie und genie\u00dfen Sie ein einzigartiges kulinarisches Erlebnis!<\/h2>\t\t\t\t<\/div>\n\t\t\t\t<\/div>\n\t\t\t\t<\/header>\n\t\t<div class=\"elementor-element elementor-element-868bb52 e-flex e-con-boxed e-con e-parent\" data-id=\"868bb52\" data-element_type=\"container\">\n\t\t\t\t\t<div class=\"e-con-inner\">\n\t\t\t\t<div class=\"elementor-element elementor-element-8f4ab93 elementor-widget elementor-widget-text-editor\" data-id=\"8f4ab93\" data-element_type=\"widget\" data-widget_type=\"text-editor.default\">\n\t\t\t\t<div class=\"elementor-widget-container\">\n\t\t\t\t\t\t\t\t\t<p>Bringen Sie Ihre Zusammenk\u00fcnfte auf ein neues Niveau von Spa\u00df und Charme, indem Sie Ihre private Veranstaltung bei Manjar ausrichten. Egal ob eine intime Feier, eine Firmenveranstaltung oder ein besonderes Ereignis, unser Restaurant bietet die perfekte Atmosph\u00e4re und k\u00f6stliche K\u00fcche, um Ihre Veranstaltung unvergesslich zu machen.<\/p>\n\t\t\t\t\t\t\t\t<\/div>\n\t\t\t\t<\/div>\n\t\t\t\t<div class=\"elementor-element elementor-element-03dcb61 elementor-widget elementor-widget-heading\" data-id=\"03dcb61\" data-element_type=\"widget\" data-widget_type=\"heading.default\">\n\t\t\t\t<div class=\"elementor-widget-container\">\n\t\t\t\t\t<h4 class=\"elementor-heading-title elementor-size-default\"><a href=\"https:\/\/themanjar.com\/wp-content\/uploads\/2024\/09\/Manjar-Menu-GRUPOS-1.pdf\">\u204d Men\u00fc der GRUPPEN anzeigen \u204c<\/a><\/h4>\t\t\t\t<\/div>\n\t\t\t\t<\/div>\n\t\t\t\t\t<\/div>\n\t\t\t\t<\/div>\n\t\t<div class=\"elementor-element elementor-element-427f917 e-flex e-con-boxed e-con e-parent\" data-id=\"427f917\" data-element_type=\"container\">\n\t\t\t\t\t<div class=\"e-con-inner\">\n\t\t<div class=\"elementor-element elementor-element-dd2a908 e-flex e-con-boxed e-con e-child\" data-id=\"dd2a908\" data-element_type=\"container\" id=\"boder-menu\" data-settings=\"{&quot;background_background&quot;:&quot;classic&quot;}\">\n\t\t\t\t\t<div class=\"e-con-inner\">\n\t\t<div class=\"elementor-element elementor-element-a21d007 e-grid e-con-boxed e-con e-child\" data-id=\"a21d007\" data-element_type=\"container\">\n\t\t\t\t\t<div class=\"e-con-inner\">\n\t\t<div class=\"elementor-element elementor-element-8a7a69e e-flex e-con-boxed e-con e-child\" data-id=\"8a7a69e\" data-element_type=\"container\">\n\t\t\t\t\t<div class=\"e-con-inner\">\n\t\t\t\t<div class=\"elementor-element elementor-element-0ef2184 elementor-widget elementor-widget-heading\" data-id=\"0ef2184\" data-element_type=\"widget\" data-widget_type=\"heading.default\">\n\t\t\t\t<div class=\"elementor-widget-container\">\n\t\t\t\t\t<h1 class=\"elementor-heading-title elementor-size-default\">Kontaktinformationen<\/h1>\t\t\t\t<\/div>\n\t\t\t\t<\/div>\n\t\t\t\t<div class=\"elementor-element elementor-element-bac4166 elementor-widget elementor-widget-text-editor\" data-id=\"bac4166\" data-element_type=\"widget\" data-widget_type=\"text-editor.default\">\n\t\t\t\t<div class=\"elementor-widget-container\">\n\t\t\t\t\t\t\t\t\t<p>F\u00fcllen Sie das Formular aus, und wir werden Sie umgehend kontaktieren!<\/p>\n\t\t\t\t\t\t\t\t<\/div>\n\t\t\t\t<\/div>\n\t\t\t\t<div class=\"elementor-element elementor-element-1e67556 elementor-button-align-center elementor-widget elementor-widget-form\" data-id=\"1e67556\" data-element_type=\"widget\" data-settings=\"{&quot;step_next_label&quot;:&quot;N\\u00e4chste&quot;,&quot;step_previous_label&quot;:&quot;Vorherige&quot;,&quot;button_width_tablet&quot;:&quot;100&quot;,&quot;button_width&quot;:&quot;100&quot;,&quot;step_type&quot;:&quot;number_text&quot;,&quot;step_icon_shape&quot;:&quot;circle&quot;}\" data-widget_type=\"form.default\">\n\t\t\t\t<div class=\"elementor-widget-container\">\n\t\t\t\t\t\t\t<form class=\"elementor-form\" method=\"post\" name=\"Kontakt-Formular\">\n\t\t\t<input type=\"hidden\" name=\"post_id\" value=\"404\"\/>\n\t\t\t<input type=\"hidden\" name=\"form_id\" value=\"1e67556\"\/>\n\t\t\t<input type=\"hidden\" name=\"referer_title\" value=\"manjar\" \/>\n\n\t\t\t\n\t\t\t<div class=\"elementor-form-fields-wrapper elementor-labels-\">\n\t\t\t\t\t\t\t\t<div class=\"elementor-field-type-text elementor-field-group elementor-column elementor-field-group-name elementor-col-50 elementor-field-required\">\n\t\t\t\t\t\t\t\t\t\t\t\t<label for=\"form-field-name\" class=\"elementor-field-label elementor-screen-only\">\n\t\t\t\t\t\t\t\tIhr Name\t\t\t\t\t\t\t<\/label>\n\t\t\t\t\t\t\t\t\t\t\t\t\t\t<input size=\"1\" type=\"text\" name=\"form_fields[name]\" id=\"form-field-name\" class=\"elementor-field elementor-size-md  elementor-field-textual\" placeholder=\"Name\" required=\"required\">\n\t\t\t\t\t\t\t\t\t\t\t<\/div>\n\t\t\t\t\t\t\t\t<div class=\"elementor-field-type-email elementor-field-group elementor-column elementor-field-group-email elementor-col-50 elementor-md-50 elementor-field-required\">\n\t\t\t\t\t\t\t\t\t\t\t\t<label for=\"form-field-email\" class=\"elementor-field-label elementor-screen-only\">\n\t\t\t\t\t\t\t\tIhre E-Mail\t\t\t\t\t\t\t<\/label>\n\t\t\t\t\t\t\t\t\t\t\t\t\t\t<input size=\"1\" type=\"email\" name=\"form_fields[email]\" id=\"form-field-email\" class=\"elementor-field elementor-size-md  elementor-field-textual\" placeholder=\"E-Mail\" required=\"required\">\n\t\t\t\t\t\t\t\t\t\t\t<\/div>\n\t\t\t\t\t\t\t\t<div class=\"elementor-field-type-tel elementor-field-group elementor-column elementor-field-group-field_5057311 elementor-col-50 elementor-md-50 elementor-field-required\">\n\t\t\t\t\t\t\t\t\t\t\t\t<label for=\"form-field-field_5057311\" class=\"elementor-field-label elementor-screen-only\">\n\t\t\t\t\t\t\t\tTelefon Nummer\t\t\t\t\t\t\t<\/label>\n\t\t\t\t\t\t\t\t<input size=\"1\" type=\"tel\" name=\"form_fields[field_5057311]\" id=\"form-field-field_5057311\" class=\"elementor-field elementor-size-md  elementor-field-textual\" placeholder=\"Telefon\" required=\"required\" pattern=\"[0-9()#&amp;+*-=.]+\" title=\"Nur Nummern oder Telefon-Zeichen (#, -, *, etc) werden akzeptiert.\">\n\n\t\t\t\t\t\t<\/div>\n\t\t\t\t\t\t\t\t<div class=\"elementor-field-type-date elementor-field-group elementor-column elementor-field-group-field_5a23cf8 elementor-col-50\">\n\t\t\t\t\t\t\t\t\t\t\t\t<label for=\"form-field-field_5a23cf8\" class=\"elementor-field-label elementor-screen-only\">\n\t\t\t\t\t\t\t\tDatum der Veranstaltung\t\t\t\t\t\t\t<\/label>\n\t\t\t\t\t\t\n\t\t<input type=\"date\" name=\"form_fields[field_5a23cf8]\" id=\"form-field-field_5a23cf8\" class=\"elementor-field elementor-size-md  elementor-field-textual elementor-date-field\" placeholder=\"Datum der Veranstaltung\" pattern=\"[0-9]{4}-[0-9]{2}-[0-9]{2}\">\n\t\t\t\t\t\t<\/div>\n\t\t\t\t\t\t\t\t<div class=\"elementor-field-type-number elementor-field-group elementor-column elementor-field-group-field_f71d004 elementor-col-50\">\n\t\t\t\t\t\t\t\t\t\t\t\t<label for=\"form-field-field_f71d004\" class=\"elementor-field-label elementor-screen-only\">\n\t\t\t\t\t\t\t\tEinzelpersonen\t\t\t\t\t\t\t<\/label>\n\t\t\t\t\t\t\t\t\t<input type=\"number\" name=\"form_fields[field_f71d004]\" id=\"form-field-field_f71d004\" class=\"elementor-field elementor-size-md  elementor-field-textual\" placeholder=\"Personen\" min=\"\" max=\"\" >\n\t\t\t\t\t\t<\/div>\n\t\t\t\t\t\t\t\t<div class=\"elementor-field-type-textarea elementor-field-group elementor-column elementor-field-group-field_71766c7 elementor-col-100\">\n\t\t\t\t\t\t\t\t\t\t\t\t<label for=\"form-field-field_71766c7\" class=\"elementor-field-label elementor-screen-only\">\n\t\t\t\t\t\t\t\tNachricht\t\t\t\t\t\t\t<\/label>\n\t\t\t\t\t\t<textarea class=\"elementor-field-textual elementor-field  elementor-size-md\" name=\"form_fields[field_71766c7]\" id=\"form-field-field_71766c7\" rows=\"4\" placeholder=\"Nachricht\"><\/textarea>\t\t\t\t<\/div>\n\t\t\t\t\t\t\t\t<div class=\"elementor-field-type-recaptcha_v3 elementor-field-group elementor-column elementor-field-group-field_010b2ba elementor-col-100 recaptcha_v3-bottomright\">\n\t\t\t\t\t<div class=\"elementor-field\" id=\"form-field-field_010b2ba\"><div class=\"elementor-g-recaptcha\" data-sitekey=\"6LcwTQsqAAAAAOFguexVEgTVqQtaoQjM2FW06qsH\" data-type=\"v3\" data-action=\"Form\" data-badge=\"bottomright\" data-size=\"invisible\"><\/div><\/div>\t\t\t\t<\/div>\n\t\t\t\t\t\t\t\t<div class=\"elementor-field-group elementor-column elementor-field-type-submit elementor-col-100 e-form__buttons elementor-md-100\">\n\t\t\t\t\t<button class=\"elementor-button elementor-size-md\" type=\"submit\">\n\t\t\t\t\t\t<span class=\"elementor-button-content-wrapper\">\n\t\t\t\t\t\t\t\t\t\t\t\t\t\t\t\t\t\t\t\t\t\t<span class=\"elementor-button-text\">Senden Sie<\/span>\n\t\t\t\t\t\t\t\t\t\t\t\t\t<\/span>\n\t\t\t\t\t<\/button>\n\t\t\t\t<\/div>\n\t\t\t<\/div>\n\t\t<\/form>\n\t\t\t\t\t\t<\/div>\n\t\t\t\t<\/div>\n\t\t\t\t\t<\/div>\n\t\t\t\t<\/div>\n\t\t<div class=\"elementor-element elementor-element-7c5a127 elementor-hidden-mobile e-flex e-con-boxed e-con e-child\" data-id=\"7c5a127\" data-element_type=\"container\" data-settings=\"{&quot;background_background&quot;:&quot;classic&quot;}\">\n\t\t\t\t\t<div class=\"e-con-inner\">\n\t\t\t\t\t<\/div>\n\t\t\t\t<\/div>\n\t\t\t\t\t<\/div>\n\t\t\t\t<\/div>\n\t\t\t\t\t<\/div>\n\t\t\t\t<\/div>\n\t\t\t\t\t<\/div>\n\t\t\t\t<\/div>\n\t\t\t\t<\/div>\n\t\t","protected":false},"excerpt":{"rendered":"<p>Manjar Feier Kommen Sie und genie\u00dfen Sie ein einzigartiges kulinarisches Erlebnis! Bringen Sie Ihre Zusammenk\u00fcnfte auf ein neues Niveau von Spa\u00df und Charme, indem Sie Ihre private Veranstaltung bei Manjar ausrichten. Egal ob eine intime Feier, eine Firmenveranstaltung oder ein besonderes Ereignis, unser Restaurant bietet die perfekte Atmosph\u00e4re und k\u00f6stliche K\u00fcche, um Ihre Veranstaltung unvergesslich [&hellip;]<\/p>\n","protected":false},"author":1,"featured_media":0,"parent":0,"menu_order":0,"comment_status":"closed","ping_status":"closed","template":"elementor_header_footer","meta":{"footnotes":""},"class_list":["post-404","page","type-page","status-publish","hentry"],"yoast_head":"<!-- This site is optimized with the Yoast SEO plugin v24.7 - https:\/\/yoast.com\/wordpress\/plugins\/seo\/ -->\n<title>Restaurant Manjar - Puerto Portals Private Veranstaltungen<\/title>\n<meta name=\"robots\" content=\"index, follow, max-snippet:-1, max-image-preview:large, max-video-preview:-1\" \/>\n<link rel=\"canonical\" href=\"https:\/\/themanjar.com\/de\/private-veranstaltungen\/\" \/>\n<meta property=\"og:locale\" content=\"de_DE\" \/>\n<meta property=\"og:type\" content=\"article\" \/>\n<meta property=\"og:title\" content=\"Restaurant Manjar - Puerto Portals Private Veranstaltungen\" \/>\n<meta property=\"og:description\" content=\"Manjar Feier Kommen Sie und genie\u00dfen Sie ein einzigartiges kulinarisches Erlebnis! Bringen Sie Ihre Zusammenk\u00fcnfte auf ein neues Niveau von Spa\u00df und Charme, indem Sie Ihre private Veranstaltung bei Manjar ausrichten. Egal ob eine intime Feier, eine Firmenveranstaltung oder ein besonderes Ereignis, unser Restaurant bietet die perfekte Atmosph\u00e4re und k\u00f6stliche K\u00fcche, um Ihre Veranstaltung unvergesslich [&hellip;]\" \/>\n<meta property=\"og:url\" content=\"https:\/\/themanjar.com\/de\/private-veranstaltungen\/\" \/>\n<meta property=\"og:site_name\" content=\"manjar\" \/>\n<meta property=\"article:modified_time\" content=\"2024-09-28T00:49:08+00:00\" \/>\n<meta name=\"twitter:card\" content=\"summary_large_image\" \/>\n<script type=\"application\/ld+json\" class=\"yoast-schema-graph\">{\"@context\":\"https:\/\/schema.org\",\"@graph\":[{\"@type\":\"WebPage\",\"@id\":\"https:\/\/themanjar.com\/de\/private-veranstaltungen\/\",\"url\":\"https:\/\/themanjar.com\/de\/private-veranstaltungen\/\",\"name\":\"Restaurant Manjar - Puerto Portals Private Veranstaltungen\",\"isPartOf\":{\"@id\":\"https:\/\/themanjar.com\/de\/#website\"},\"datePublished\":\"2024-06-06T18:48:11+00:00\",\"dateModified\":\"2024-09-28T00:49:08+00:00\",\"breadcrumb\":{\"@id\":\"https:\/\/themanjar.com\/de\/private-veranstaltungen\/#breadcrumb\"},\"inLanguage\":\"de\",\"potentialAction\":[{\"@type\":\"ReadAction\",\"target\":[\"https:\/\/themanjar.com\/de\/private-veranstaltungen\/\"]}]},{\"@type\":\"BreadcrumbList\",\"@id\":\"https:\/\/themanjar.com\/de\/private-veranstaltungen\/#breadcrumb\",\"itemListElement\":[{\"@type\":\"ListItem\",\"position\":1,\"name\":\"Home\",\"item\":\"https:\/\/themanjar.com\/de\/startseite\/\"},{\"@type\":\"ListItem\",\"position\":2,\"name\":\"Private Veranstaltungen\"}]},{\"@type\":\"WebSite\",\"@id\":\"https:\/\/themanjar.com\/de\/#website\",\"url\":\"https:\/\/themanjar.com\/de\/\",\"name\":\"manjar\",\"description\":\"\",\"publisher\":{\"@id\":\"https:\/\/themanjar.com\/de\/#organization\"},\"potentialAction\":[{\"@type\":\"SearchAction\",\"target\":{\"@type\":\"EntryPoint\",\"urlTemplate\":\"https:\/\/themanjar.com\/de\/?s={search_term_string}\"},\"query-input\":{\"@type\":\"PropertyValueSpecification\",\"valueRequired\":true,\"valueName\":\"search_term_string\"}}],\"inLanguage\":\"de\"},{\"@type\":\"Organization\",\"@id\":\"https:\/\/themanjar.com\/de\/#organization\",\"name\":\"manjar\",\"url\":\"https:\/\/themanjar.com\/de\/\",\"logo\":{\"@type\":\"ImageObject\",\"inLanguage\":\"de\",\"@id\":\"https:\/\/themanjar.com\/de\/#\/schema\/logo\/image\/\",\"url\":\"https:\/\/themanjar.com\/wp-content\/uploads\/2024\/04\/ManjarByCannibal.png\",\"contentUrl\":\"https:\/\/themanjar.com\/wp-content\/uploads\/2024\/04\/ManjarByCannibal.png\",\"width\":500,\"height\":171,\"caption\":\"manjar\"},\"image\":{\"@id\":\"https:\/\/themanjar.com\/de\/#\/schema\/logo\/image\/\"}}]}<\/script>\n<!-- \/ Yoast SEO plugin. -->","yoast_head_json":{"title":"Restaurant Manjar - Puerto Portals Private Veranstaltungen","robots":{"index":"index","follow":"follow","max-snippet":"max-snippet:-1","max-image-preview":"max-image-preview:large","max-video-preview":"max-video-preview:-1"},"canonical":"https:\/\/themanjar.com\/de\/private-veranstaltungen\/","og_locale":"de_DE","og_type":"article","og_title":"Restaurant Manjar - Puerto Portals Private Veranstaltungen","og_description":"Manjar Feier Kommen Sie und genie\u00dfen Sie ein einzigartiges kulinarisches Erlebnis! Bringen Sie Ihre Zusammenk\u00fcnfte auf ein neues Niveau von Spa\u00df und Charme, indem Sie Ihre private Veranstaltung bei Manjar ausrichten. Egal ob eine intime Feier, eine Firmenveranstaltung oder ein besonderes Ereignis, unser Restaurant bietet die perfekte Atmosph\u00e4re und k\u00f6stliche K\u00fcche, um Ihre Veranstaltung unvergesslich [&hellip;]","og_url":"https:\/\/themanjar.com\/de\/private-veranstaltungen\/","og_site_name":"manjar","article_modified_time":"2024-09-28T00:49:08+00:00","twitter_card":"summary_large_image","schema":{"@context":"https:\/\/schema.org","@graph":[{"@type":"WebPage","@id":"https:\/\/themanjar.com\/de\/private-veranstaltungen\/","url":"https:\/\/themanjar.com\/de\/private-veranstaltungen\/","name":"Restaurant Manjar - Puerto Portals Private Veranstaltungen","isPartOf":{"@id":"https:\/\/themanjar.com\/de\/#website"},"datePublished":"2024-06-06T18:48:11+00:00","dateModified":"2024-09-28T00:49:08+00:00","breadcrumb":{"@id":"https:\/\/themanjar.com\/de\/private-veranstaltungen\/#breadcrumb"},"inLanguage":"de","potentialAction":[{"@type":"ReadAction","target":["https:\/\/themanjar.com\/de\/private-veranstaltungen\/"]}]},{"@type":"BreadcrumbList","@id":"https:\/\/themanjar.com\/de\/private-veranstaltungen\/#breadcrumb","itemListElement":[{"@type":"ListItem","position":1,"name":"Home","item":"https:\/\/themanjar.com\/de\/startseite\/"},{"@type":"ListItem","position":2,"name":"Private Veranstaltungen"}]},{"@type":"WebSite","@id":"https:\/\/themanjar.com\/de\/#website","url":"https:\/\/themanjar.com\/de\/","name":"manjar","description":"","publisher":{"@id":"https:\/\/themanjar.com\/de\/#organization"},"potentialAction":[{"@type":"SearchAction","target":{"@type":"EntryPoint","urlTemplate":"https:\/\/themanjar.com\/de\/?s={search_term_string}"},"query-input":{"@type":"PropertyValueSpecification","valueRequired":true,"valueName":"search_term_string"}}],"inLanguage":"de"},{"@type":"Organization","@id":"https:\/\/themanjar.com\/de\/#organization","name":"manjar","url":"https:\/\/themanjar.com\/de\/","logo":{"@type":"ImageObject","inLanguage":"de","@id":"https:\/\/themanjar.com\/de\/#\/schema\/logo\/image\/","url":"https:\/\/themanjar.com\/wp-content\/uploads\/2024\/04\/ManjarByCannibal.png","contentUrl":"https:\/\/themanjar.com\/wp-content\/uploads\/2024\/04\/ManjarByCannibal.png","width":500,"height":171,"caption":"manjar"},"image":{"@id":"https:\/\/themanjar.com\/de\/#\/schema\/logo\/image\/"}}]}},"_links":{"self":[{"href":"https:\/\/themanjar.com\/de\/wp-json\/wp\/v2\/pages\/404","targetHints":{"allow":["GET"]}}],"collection":[{"href":"https:\/\/themanjar.com\/de\/wp-json\/wp\/v2\/pages"}],"about":[{"href":"https:\/\/themanjar.com\/de\/wp-json\/wp\/v2\/types\/page"}],"author":[{"embeddable":true,"href":"https:\/\/themanjar.com\/de\/wp-json\/wp\/v2\/users\/1"}],"replies":[{"embeddable":true,"href":"https:\/\/themanjar.com\/de\/wp-json\/wp\/v2\/comments?post=404"}],"version-history":[{"count":15,"href":"https:\/\/themanjar.com\/de\/wp-json\/wp\/v2\/pages\/404\/revisions"}],"predecessor-version":[{"id":1807,"href":"https:\/\/themanjar.com\/de\/wp-json\/wp\/v2\/pages\/404\/revisions\/1807"}],"wp:attachment":[{"href":"https:\/\/themanjar.com\/de\/wp-json\/wp\/v2\/media?parent=404"}],"curies":[{"name":"wp","href":"https:\/\/api.w.org\/{rel}","templated":true}]}}